{"id":3505,"date":"2024-05-06T16:59:00","date_gmt":"2024-05-06T14:59:00","guid":{"rendered":"https:\/\/trilinguatime.vaniseo.pro\/?page_id=3505"},"modified":"2025-03-18T14:34:30","modified_gmt":"2025-03-18T13:34:30","slug":"tarifs","status":"publish","type":"page","link":"https:\/\/trilinguatime.vaniseo.pro\/index.php\/tarifs\/","title":{"rendered":"TARIFS"},"content":{"rendered":"\t\t<div data-elementor-type=\"wp-page\" data-elementor-id=\"3505\" class=\"elementor elementor-3505\" data-elementor-post-type=\"page\">\n\t\t\t\t<div class=\"elementor-element elementor-element-ae5d646 e-flex e-con-boxed e-con e-parent\" data-id=\"ae5d646\" data-element_type=\"container\">\n\t\t\t\t\t<div class=\"e-con-inner\">\n\t\t\t\t<div class=\"elementor-element elementor-element-0dfcf4d elementor-widget elementor-widget-spacer\" data-id=\"0dfcf4d\" data-element_type=\"widget\" data-widget_type=\"spacer.default\">\n\t\t\t\t<div class=\"elementor-widget-container\">\n\t\t\t\t\t\t\t<div class=\"elementor-spacer\">\n\t\t\t<div class=\"elementor-spacer-inner\"><\/div>\n\t\t<\/div>\n\t\t\t\t\t\t<\/div>\n\t\t\t\t<\/div>\n\t\t\t\t\t<\/div>\n\t\t\t\t<\/div>\n\t\t<div class=\"elementor-element elementor-element-f84c16e e-flex e-con-boxed e-con e-parent\" data-id=\"f84c16e\" data-element_type=\"container\">\n\t\t\t\t\t<div class=\"e-con-inner\">\n\t\t\t\t<div class=\"elementor-element elementor-element-e366e67 elementor-widget elementor-widget-heading\" data-id=\"e366e67\" data-element_type=\"widget\" data-widget_type=\"heading.default\">\n\t\t\t\t<div class=\"elementor-widget-container\">\n\t\t\t\t\t<h2 class=\"elementor-heading-title elementor-size-default\">Tarifs cours individuels<\/h2>\t\t\t\t<\/div>\n\t\t\t\t<\/div>\n\t\t\t\t<div class=\"elementor-element elementor-element-05d10b6 elementor-widget elementor-widget-spacer\" data-id=\"05d10b6\" data-element_type=\"widget\" data-widget_type=\"spacer.default\">\n\t\t\t\t<div class=\"elementor-widget-container\">\n\t\t\t\t\t\t\t<div class=\"elementor-spacer\">\n\t\t\t<div class=\"elementor-spacer-inner\"><\/div>\n\t\t<\/div>\n\t\t\t\t\t\t<\/div>\n\t\t\t\t<\/div>\n\t\t\t\t<div class=\"elementor-element elementor-element-b4225dc elementor-widget elementor-widget-text-editor\" data-id=\"b4225dc\" data-element_type=\"widget\" data-widget_type=\"text-editor.default\">\n\t\t\t\t<div class=\"elementor-widget-container\">\n\t\t\t\t\t\t\t\t\t<ol><li><strong>PAR SESSION (1 HEURE) : <\/strong><span style=\"font-weight: 400;\"><br \/><\/span><span style=\"font-weight: 400;\">45 \u20ac pour cours \/coaching en langue\u00a0<br \/><\/span><span style=\"font-weight: 400;\">50 \u20ac pr\u00e9paration TOEIC \/ TOEFL<br \/><br \/><\/span><\/li><li><strong>FORMULES : <\/strong><span style=\"font-weight: 400;\"><br \/><\/span><span style=\"font-weight: 400;\">Carnet de 5 sessions d\u2019une heure, valable 2 mois\u00a0: 200 \u20ac<br \/><\/span><span style=\"font-weight: 400;\">Carnet de 10 sessions d\u2019une heure, valable 4 mois\u00a0: 380 \u20ac<br \/><\/span><span style=\"font-weight: 400;\"><span style=\"font-weight: 400;\">Formule pr\u00e9paration TOEIC \/ TOEFL\u00a0: sur devis apr\u00e8s entretien d\u2019audit.<br \/><br \/><\/span><\/span><\/li><li><span style=\"font-weight: 400;\"><strong>ABONNEMENT :<\/strong><br \/><\/span><span style=\"font-weight: 400;\">6 mois, 2h\/semaine\u00a0: 1680 \u20ac<br \/><\/span><span style=\"font-weight: 400;\">6 mois, 3h\/semaine\u00a0: 2400 \u20ac<\/span><\/li><\/ol><p><em><span style=\"font-weight: 400;\">*Les sessions sont payables \u00e0 l\u2019avance.<\/span><\/em><\/p>\t\t\t\t\t\t\t\t<\/div>\n\t\t\t\t<\/div>\n\t\t\t\t<div class=\"elementor-element elementor-element-06836d2 elementor-widget elementor-widget-spacer\" data-id=\"06836d2\" data-element_type=\"widget\" data-widget_type=\"spacer.default\">\n\t\t\t\t<div class=\"elementor-widget-container\">\n\t\t\t\t\t\t\t<div class=\"elementor-spacer\">\n\t\t\t<div class=\"elementor-spacer-inner\"><\/div>\n\t\t<\/div>\n\t\t\t\t\t\t<\/div>\n\t\t\t\t<\/div>\n\t\t\t\t<div class=\"elementor-element elementor-element-7107eb7 elementor-widget-divider--view-line elementor-widget elementor-widget-divider\" data-id=\"7107eb7\" data-element_type=\"widget\" data-widget_type=\"divider.default\">\n\t\t\t\t<div class=\"elementor-widget-container\">\n\t\t\t\t\t\t\t<div class=\"elementor-divider\">\n\t\t\t<span class=\"elementor-divider-separator\">\n\t\t\t\t\t\t<\/span>\n\t\t<\/div>\n\t\t\t\t\t\t<\/div>\n\t\t\t\t<\/div>\n\t\t\t\t\t<\/div>\n\t\t\t\t<\/div>\n\t\t<div class=\"elementor-element elementor-element-bd8df97 e-flex e-con-boxed e-con e-parent\" data-id=\"bd8df97\" data-element_type=\"container\">\n\t\t\t\t\t<div class=\"e-con-inner\">\n\t\t<div class=\"elementor-element elementor-element-46a0dfe e-flex e-con-boxed e-con e-child\" data-id=\"46a0dfe\" data-element_type=\"container\">\n\t\t\t\t\t<div class=\"e-con-inner\">\n\t\t\t\t<div class=\"elementor-element elementor-element-48dc275 elementor-widget elementor-widget-heading\" data-id=\"48dc275\" data-element_type=\"widget\" data-widget_type=\"heading.default\">\n\t\t\t\t<div class=\"elementor-widget-container\">\n\t\t\t\t\t<h2 class=\"elementor-heading-title elementor-size-default\">\nTarifs cours en petit groupe<\/h2>\t\t\t\t<\/div>\n\t\t\t\t<\/div>\n\t\t\t\t<div class=\"elementor-element elementor-element-c0d0715 elementor-widget elementor-widget-spacer\" data-id=\"c0d0715\" data-element_type=\"widget\" data-widget_type=\"spacer.default\">\n\t\t\t\t<div class=\"elementor-widget-container\">\n\t\t\t\t\t\t\t<div class=\"elementor-spacer\">\n\t\t\t<div class=\"elementor-spacer-inner\"><\/div>\n\t\t<\/div>\n\t\t\t\t\t\t<\/div>\n\t\t\t\t<\/div>\n\t\t\t\t<div class=\"elementor-element elementor-element-1cc1cab elementor-widget elementor-widget-text-editor\" data-id=\"1cc1cab\" data-element_type=\"widget\" data-widget_type=\"text-editor.default\">\n\t\t\t\t<div class=\"elementor-widget-container\">\n\t\t\t\t\t\t\t\t\t<p><span style=\"font-weight: 400;\">Le tarif des cours en groupe est de 30\u20ac\/pers. par session d\u2019une heure.\u00a0<\/span><\/p><p><span style=\"font-weight: 400;\">L\u2019inscription se fait par s\u00e9rie de 5 s\u00e9ances fixes et est valid\u00e9e une fois que le paiement est effectu\u00e9.<\/span><\/p>\t\t\t\t\t\t\t\t<\/div>\n\t\t\t\t<\/div>\n\t\t\t\t<div class=\"elementor-element elementor-element-8acc6b2 elementor-widget elementor-widget-spacer\" data-id=\"8acc6b2\" data-element_type=\"widget\" data-widget_type=\"spacer.default\">\n\t\t\t\t<div class=\"elementor-widget-container\">\n\t\t\t\t\t\t\t<div class=\"elementor-spacer\">\n\t\t\t<div class=\"elementor-spacer-inner\"><\/div>\n\t\t<\/div>\n\t\t\t\t\t\t<\/div>\n\t\t\t\t<\/div>\n\t\t\t\t\t<\/div>\n\t\t\t\t<\/div>\n\t\t<div class=\"elementor-element elementor-element-7d5fa5c e-flex e-con-boxed e-con e-child\" data-id=\"7d5fa5c\" data-element_type=\"container\">\n\t\t\t\t\t<div class=\"e-con-inner\">\n\t\t\t\t<div class=\"elementor-element elementor-element-2893888 elementor-widget elementor-widget-heading\" data-id=\"2893888\" data-element_type=\"widget\" data-widget_type=\"heading.default\">\n\t\t\t\t<div class=\"elementor-widget-container\">\n\t\t\t\t\t<h2 class=\"elementor-heading-title elementor-size-default\">Tarif coaching (individuel)<\/h2>\t\t\t\t<\/div>\n\t\t\t\t<\/div>\n\t\t\t\t<div class=\"elementor-element elementor-element-7392208 elementor-widget elementor-widget-spacer\" data-id=\"7392208\" data-element_type=\"widget\" data-widget_type=\"spacer.default\">\n\t\t\t\t<div class=\"elementor-widget-container\">\n\t\t\t\t\t\t\t<div class=\"elementor-spacer\">\n\t\t\t<div class=\"elementor-spacer-inner\"><\/div>\n\t\t<\/div>\n\t\t\t\t\t\t<\/div>\n\t\t\t\t<\/div>\n\t\t\t\t<div class=\"elementor-element elementor-element-f96a41e elementor-widget elementor-widget-text-editor\" data-id=\"f96a41e\" data-element_type=\"widget\" data-widget_type=\"text-editor.default\">\n\t\t\t\t<div class=\"elementor-widget-container\">\n\t\t\t\t\t\t\t\t\t<p><b>TARIF COACHING 6 SEMAINES incluant 1 s\u00e9ance visio par semaine\u00a0: 540\u20ac\u00a0<br \/><\/b><b>S\u00e9ance visio suppl\u00e9mentaire \u00e0 la demande\u00a0: 35\u00a0\u20ac<\/b><\/p>\t\t\t\t\t\t\t\t<\/div>\n\t\t\t\t<\/div>\n\t\t\t\t\t<\/div>\n\t\t\t\t<\/div>\n\t\t\t\t\t<\/div>\n\t\t\t\t<\/div>\n\t\t<div class=\"elementor-element elementor-element-a41cc15 e-flex e-con-boxed e-con e-parent\" data-id=\"a41cc15\" data-element_type=\"container\">\n\t\t\t\t\t<div class=\"e-con-inner\">\n\t\t\t\t<div class=\"elementor-element elementor-element-8ded190 elementor-widget-divider--view-line elementor-widget elementor-widget-divider\" data-id=\"8ded190\" data-element_type=\"widget\" data-widget_type=\"divider.default\">\n\t\t\t\t<div class=\"elementor-widget-container\">\n\t\t\t\t\t\t\t<div class=\"elementor-divider\">\n\t\t\t<span class=\"elementor-divider-separator\">\n\t\t\t\t\t\t<\/span>\n\t\t<\/div>\n\t\t\t\t\t\t<\/div>\n\t\t\t\t<\/div>\n\t\t\t\t\t<\/div>\n\t\t\t\t<\/div>\n\t\t<div class=\"elementor-element elementor-element-0351a63 e-flex e-con-boxed e-con e-parent\" data-id=\"0351a63\" data-element_type=\"container\">\n\t\t\t\t\t<div class=\"e-con-inner\">\n\t\t\t\t<div class=\"elementor-element elementor-element-f252ec7 elementor-widget elementor-widget-heading\" data-id=\"f252ec7\" data-element_type=\"widget\" data-widget_type=\"heading.default\">\n\t\t\t\t<div class=\"elementor-widget-container\">\n\t\t\t\t\t<h2 class=\"elementor-heading-title elementor-size-default\">Tarif conversations n\u00e9erlandais \/ fran\u00e7ais<\/h2>\t\t\t\t<\/div>\n\t\t\t\t<\/div>\n\t\t\t\t<div class=\"elementor-element elementor-element-a29b6e3 elementor-widget elementor-widget-spacer\" data-id=\"a29b6e3\" data-element_type=\"widget\" data-widget_type=\"spacer.default\">\n\t\t\t\t<div class=\"elementor-widget-container\">\n\t\t\t\t\t\t\t<div class=\"elementor-spacer\">\n\t\t\t<div class=\"elementor-spacer-inner\"><\/div>\n\t\t<\/div>\n\t\t\t\t\t\t<\/div>\n\t\t\t\t<\/div>\n\t\t\t\t<div class=\"elementor-element elementor-element-944191a elementor-widget elementor-widget-text-editor\" data-id=\"944191a\" data-element_type=\"widget\" data-widget_type=\"text-editor.default\">\n\t\t\t\t<div class=\"elementor-widget-container\">\n\t\t\t\t\t\t\t\t\t<ol><li><strong>PAR SESSION : <\/strong><span style=\"font-weight: 400;\"><br \/><\/span><span style=\"font-weight: 400;\">20 \u20ac s\u00e9ance de 30 minutes<br \/><\/span><span style=\"font-weight: 400;\">40 \u20ac s\u00e9ance de 60 minutes<br \/><br \/><\/span><\/li><li><span style=\"font-weight: 400;\"><strong>FORMULES :\u00a0<\/strong><br \/><\/span><span style=\"font-weight: 400;\">Carnet de 5 s\u00e9ances de 30 minutes, valable 2 mois\u00a0: 95 \u20ac<\/span><span style=\"font-weight: 400;\"><br \/><\/span><span style=\"font-weight: 400;\">Carnet de 5 sessions de 60 minutes, valable 2 mois\u00a0: 190 \u20ac<br \/><\/span><span style=\"font-weight: 400;\">Carnet de 10 sessions de 30 minutes, valable 4 mois\u00a0: 190 \u20ac<br \/><\/span><span style=\"font-weight: 400;\">Carnet de 10 sessions de 60 minutes, valable 4 mois\u00a0: 380 \u20ac<br \/><br \/><\/span><\/li><li><span style=\"font-weight: 400;\"><strong>ABONNEMENT :<\/strong><br \/><\/span><span style=\"font-weight: 400;\">6 mois, 2h\/semaine\u00a0: 1680 \u20ac<br \/><\/span><span style=\"font-weight: 400;\">6 mois, 3h\/semaine\u00a0: 2160 \u20ac<\/span><\/li><\/ol>\t\t\t\t\t\t\t\t<\/div>\n\t\t\t\t<\/div>\n\t\t\t\t<div class=\"elementor-element elementor-element-b20c0a2 elementor-widget elementor-widget-spacer\" data-id=\"b20c0a2\" data-element_type=\"widget\" data-widget_type=\"spacer.default\">\n\t\t\t\t<div class=\"elementor-widget-container\">\n\t\t\t\t\t\t\t<div class=\"elementor-spacer\">\n\t\t\t<div class=\"elementor-spacer-inner\"><\/div>\n\t\t<\/div>\n\t\t\t\t\t\t<\/div>\n\t\t\t\t<\/div>\n\t\t\t\t<div class=\"elementor-element elementor-element-ddebe98 elementor-widget-divider--view-line elementor-widget elementor-widget-divider\" data-id=\"ddebe98\" data-element_type=\"widget\" data-widget_type=\"divider.default\">\n\t\t\t\t<div class=\"elementor-widget-container\">\n\t\t\t\t\t\t\t<div class=\"elementor-divider\">\n\t\t\t<span class=\"elementor-divider-separator\">\n\t\t\t\t\t\t<\/span>\n\t\t<\/div>\n\t\t\t\t\t\t<\/div>\n\t\t\t\t<\/div>\n\t\t\t\t\t<\/div>\n\t\t\t\t<\/div>\n\t\t<div class=\"elementor-element elementor-element-828e3d8 e-flex e-con-boxed e-con e-parent\" data-id=\"828e3d8\" data-element_type=\"container\">\n\t\t\t\t\t<div class=\"e-con-inner\">\n\t\t\t\t<div class=\"elementor-element elementor-element-7e64e03 elementor-widget elementor-widget-heading\" data-id=\"7e64e03\" data-element_type=\"widget\" data-widget_type=\"heading.default\">\n\t\t\t\t<div class=\"elementor-widget-container\">\n\t\t\t\t\t<h2 class=\"elementor-heading-title elementor-size-default\">Mode de paiement<\/h2>\t\t\t\t<\/div>\n\t\t\t\t<\/div>\n\t\t\t\t<div class=\"elementor-element elementor-element-80f3adc elementor-widget elementor-widget-spacer\" data-id=\"80f3adc\" data-element_type=\"widget\" data-widget_type=\"spacer.default\">\n\t\t\t\t<div class=\"elementor-widget-container\">\n\t\t\t\t\t\t\t<div class=\"elementor-spacer\">\n\t\t\t<div class=\"elementor-spacer-inner\"><\/div>\n\t\t<\/div>\n\t\t\t\t\t\t<\/div>\n\t\t\t\t<\/div>\n\t\t\t\t<div class=\"elementor-element elementor-element-ea34e69 elementor-widget elementor-widget-text-editor\" data-id=\"ea34e69\" data-element_type=\"widget\" data-widget_type=\"text-editor.default\">\n\t\t\t\t<div class=\"elementor-widget-container\">\n\t\t\t\t\t\t\t\t\t<p><span style=\"font-weight: 400;\">Les sessions sont payables \u00e0 l\u2019avance.<br \/><\/span><span style=\"font-weight: 400;\">Virement \u2013 RIB sera communiqu\u00e9 \u00e0 la r\u00e9ception du contrat de prestations sign\u00e9.<br \/><\/span><span style=\"font-weight: 400;\">Paypal \u2013 d\u00e9tails seront communiqu\u00e9s \u00e0 la r\u00e9ception du contrat de prestations sign\u00e9.<\/span><\/p>\t\t\t\t\t\t\t\t<\/div>\n\t\t\t\t<\/div>\n\t\t\t\t\t<\/div>\n\t\t\t\t<\/div>\n\t\t\t\t<\/div>\n\t\t","protected":false},"excerpt":{"rendered":"<p>Tarifs cours individuels PAR SESSION (1 HEURE) : 45 \u20ac pour cours \/coaching en langue\u00a050 \u20ac pr\u00e9paration TOEIC \/ TOEFL FORMULES : Carnet de 5 sessions d\u2019une heure, valable 2 mois\u00a0: 200 \u20acCarnet de 10 sessions d\u2019une heure, valable 4 mois\u00a0: 380 \u20acFormule pr\u00e9paration TOEIC \/ TOEFL\u00a0: sur devis apr\u00e8s entretien d\u2019audit. ABONNEMENT :6 mois,&hellip;<\/p>\n","protected":false},"author":2,"featured_media":0,"parent":0,"menu_order":0,"comment_status":"closed","ping_status":"closed","template":"","meta":{"footnotes":""},"class_list":["post-3505","page","type-page","status-publish","hentry"],"yoast_head":"<!-- This site is optimized with the Yoast SEO plugin v24.4 - https:\/\/yoast.com\/wordpress\/plugins\/seo\/ -->\n<title>TARIFS - trilinguatime<\/title>\n<meta name=\"robots\" content=\"noindex, follow, max-snippet:-1, max-image-preview:large, max-video-preview:-1\" \/>\n<meta property=\"og:locale\" content=\"en_US\" \/>\n<meta property=\"og:type\" content=\"article\" \/>\n<meta property=\"og:title\" content=\"TARIFS - trilinguatime\" \/>\n<meta property=\"og:description\" content=\"Tarifs cours individuels PAR SESSION (1 HEURE) : 45 \u20ac pour cours \/coaching en langue\u00a050 \u20ac pr\u00e9paration TOEIC \/ TOEFL FORMULES : Carnet de 5 sessions d\u2019une heure, valable 2 mois\u00a0: 200 \u20acCarnet de 10 sessions d\u2019une heure, valable 4 mois\u00a0: 380 \u20acFormule pr\u00e9paration TOEIC \/ TOEFL\u00a0: sur devis apr\u00e8s entretien d\u2019audit. ABONNEMENT :6 mois,&hellip;\" \/>\n<meta property=\"og:url\" content=\"https:\/\/trilinguatime.vaniseo.pro\/index.php\/tarifs\/\" \/>\n<meta property=\"og:site_name\" content=\"trilinguatime\" \/>\n<meta property=\"article:modified_time\" content=\"2025-03-18T13:34:30+00:00\" \/>\n<meta name=\"twitter:card\" content=\"summary_large_image\" \/>\n<meta name=\"twitter:label1\" content=\"Est. reading time\" \/>\n\t<meta name=\"twitter:data1\" content=\"2 minutes\" \/>\n<script type=\"application\/ld+json\" class=\"yoast-schema-graph\">{\"@context\":\"https:\/\/schema.org\",\"@graph\":[{\"@type\":\"WebPage\",\"@id\":\"https:\/\/trilinguatime.vaniseo.pro\/index.php\/tarifs\/\",\"url\":\"https:\/\/trilinguatime.vaniseo.pro\/index.php\/tarifs\/\",\"name\":\"TARIFS - trilinguatime\",\"isPartOf\":{\"@id\":\"https:\/\/trilinguatime.vaniseo.pro\/#website\"},\"datePublished\":\"2024-05-06T14:59:00+00:00\",\"dateModified\":\"2025-03-18T13:34:30+00:00\",\"breadcrumb\":{\"@id\":\"https:\/\/trilinguatime.vaniseo.pro\/index.php\/tarifs\/#breadcrumb\"},\"inLanguage\":\"en-US\",\"potentialAction\":[{\"@type\":\"ReadAction\",\"target\":[\"https:\/\/trilinguatime.vaniseo.pro\/index.php\/tarifs\/\"]}]},{\"@type\":\"BreadcrumbList\",\"@id\":\"https:\/\/trilinguatime.vaniseo.pro\/index.php\/tarifs\/#breadcrumb\",\"itemListElement\":[{\"@type\":\"ListItem\",\"position\":1,\"name\":\"Accueil\",\"item\":\"https:\/\/trilinguatime.vaniseo.pro\/\"},{\"@type\":\"ListItem\",\"position\":2,\"name\":\"TARIFS\"}]},{\"@type\":\"WebSite\",\"@id\":\"https:\/\/trilinguatime.vaniseo.pro\/#website\",\"url\":\"https:\/\/trilinguatime.vaniseo.pro\/\",\"name\":\"trilinguatime\",\"description\":\"\",\"publisher\":{\"@id\":\"https:\/\/trilinguatime.vaniseo.pro\/#organization\"},\"potentialAction\":[{\"@type\":\"SearchAction\",\"target\":{\"@type\":\"EntryPoint\",\"urlTemplate\":\"https:\/\/trilinguatime.vaniseo.pro\/?s={search_term_string}\"},\"query-input\":{\"@type\":\"PropertyValueSpecification\",\"valueRequired\":true,\"valueName\":\"search_term_string\"}}],\"inLanguage\":\"en-US\"},{\"@type\":\"Organization\",\"@id\":\"https:\/\/trilinguatime.vaniseo.pro\/#organization\",\"name\":\"trilinguatime\",\"url\":\"https:\/\/trilinguatime.vaniseo.pro\/\",\"logo\":{\"@type\":\"ImageObject\",\"inLanguage\":\"en-US\",\"@id\":\"https:\/\/trilinguatime.vaniseo.pro\/#\/schema\/logo\/image\/\",\"url\":\"https:\/\/trilinguatime.vaniseo.pro\/wp-content\/uploads\/2024\/03\/Capture-decran-2024-03-07-a-15.18.03.png\",\"contentUrl\":\"https:\/\/trilinguatime.vaniseo.pro\/wp-content\/uploads\/2024\/03\/Capture-decran-2024-03-07-a-15.18.03.png\",\"width\":732,\"height\":248,\"caption\":\"trilinguatime\"},\"image\":{\"@id\":\"https:\/\/trilinguatime.vaniseo.pro\/#\/schema\/logo\/image\/\"}}]}<\/script>\n<!-- \/ Yoast SEO plugin. -->","yoast_head_json":{"title":"TARIFS - trilinguatime","robots":{"index":"noindex","follow":"follow","max-snippet":"max-snippet:-1","max-image-preview":"max-image-preview:large","max-video-preview":"max-video-preview:-1"},"og_locale":"en_US","og_type":"article","og_title":"TARIFS - trilinguatime","og_description":"Tarifs cours individuels PAR SESSION (1 HEURE) : 45 \u20ac pour cours \/coaching en langue\u00a050 \u20ac pr\u00e9paration TOEIC \/ TOEFL FORMULES : Carnet de 5 sessions d\u2019une heure, valable 2 mois\u00a0: 200 \u20acCarnet de 10 sessions d\u2019une heure, valable 4 mois\u00a0: 380 \u20acFormule pr\u00e9paration TOEIC \/ TOEFL\u00a0: sur devis apr\u00e8s entretien d\u2019audit. ABONNEMENT :6 mois,&hellip;","og_url":"https:\/\/trilinguatime.vaniseo.pro\/index.php\/tarifs\/","og_site_name":"trilinguatime","article_modified_time":"2025-03-18T13:34:30+00:00","twitter_card":"summary_large_image","twitter_misc":{"Est. reading time":"2 minutes"},"schema":{"@context":"https:\/\/schema.org","@graph":[{"@type":"WebPage","@id":"https:\/\/trilinguatime.vaniseo.pro\/index.php\/tarifs\/","url":"https:\/\/trilinguatime.vaniseo.pro\/index.php\/tarifs\/","name":"TARIFS - trilinguatime","isPartOf":{"@id":"https:\/\/trilinguatime.vaniseo.pro\/#website"},"datePublished":"2024-05-06T14:59:00+00:00","dateModified":"2025-03-18T13:34:30+00:00","breadcrumb":{"@id":"https:\/\/trilinguatime.vaniseo.pro\/index.php\/tarifs\/#breadcrumb"},"inLanguage":"en-US","potentialAction":[{"@type":"ReadAction","target":["https:\/\/trilinguatime.vaniseo.pro\/index.php\/tarifs\/"]}]},{"@type":"BreadcrumbList","@id":"https:\/\/trilinguatime.vaniseo.pro\/index.php\/tarifs\/#breadcrumb","itemListElement":[{"@type":"ListItem","position":1,"name":"Accueil","item":"https:\/\/trilinguatime.vaniseo.pro\/"},{"@type":"ListItem","position":2,"name":"TARIFS"}]},{"@type":"WebSite","@id":"https:\/\/trilinguatime.vaniseo.pro\/#website","url":"https:\/\/trilinguatime.vaniseo.pro\/","name":"trilinguatime","description":"","publisher":{"@id":"https:\/\/trilinguatime.vaniseo.pro\/#organization"},"potentialAction":[{"@type":"SearchAction","target":{"@type":"EntryPoint","urlTemplate":"https:\/\/trilinguatime.vaniseo.pro\/?s={search_term_string}"},"query-input":{"@type":"PropertyValueSpecification","valueRequired":true,"valueName":"search_term_string"}}],"inLanguage":"en-US"},{"@type":"Organization","@id":"https:\/\/trilinguatime.vaniseo.pro\/#organization","name":"trilinguatime","url":"https:\/\/trilinguatime.vaniseo.pro\/","logo":{"@type":"ImageObject","inLanguage":"en-US","@id":"https:\/\/trilinguatime.vaniseo.pro\/#\/schema\/logo\/image\/","url":"https:\/\/trilinguatime.vaniseo.pro\/wp-content\/uploads\/2024\/03\/Capture-decran-2024-03-07-a-15.18.03.png","contentUrl":"https:\/\/trilinguatime.vaniseo.pro\/wp-content\/uploads\/2024\/03\/Capture-decran-2024-03-07-a-15.18.03.png","width":732,"height":248,"caption":"trilinguatime"},"image":{"@id":"https:\/\/trilinguatime.vaniseo.pro\/#\/schema\/logo\/image\/"}}]}},"_links":{"self":[{"href":"https:\/\/trilinguatime.vaniseo.pro\/index.php\/wp-json\/wp\/v2\/pages\/3505","targetHints":{"allow":["GET"]}}],"collection":[{"href":"https:\/\/trilinguatime.vaniseo.pro\/index.php\/wp-json\/wp\/v2\/pages"}],"about":[{"href":"https:\/\/trilinguatime.vaniseo.pro\/index.php\/wp-json\/wp\/v2\/types\/page"}],"author":[{"embeddable":true,"href":"https:\/\/trilinguatime.vaniseo.pro\/index.php\/wp-json\/wp\/v2\/users\/2"}],"replies":[{"embeddable":true,"href":"https:\/\/trilinguatime.vaniseo.pro\/index.php\/wp-json\/wp\/v2\/comments?post=3505"}],"version-history":[{"count":16,"href":"https:\/\/trilinguatime.vaniseo.pro\/index.php\/wp-json\/wp\/v2\/pages\/3505\/revisions"}],"predecessor-version":[{"id":3917,"href":"https:\/\/trilinguatime.vaniseo.pro\/index.php\/wp-json\/wp\/v2\/pages\/3505\/revisions\/3917"}],"wp:attachment":[{"href":"https:\/\/trilinguatime.vaniseo.pro\/index.php\/wp-json\/wp\/v2\/media?parent=3505"}],"curies":[{"name":"wp","href":"https:\/\/api.w.org\/{rel}","templated":true}]}}