{"id":3525,"date":"2024-05-07T10:31:45","date_gmt":"2024-05-07T08:31:45","guid":{"rendered":"https:\/\/trilinguatime.vaniseo.pro\/?page_id=3525"},"modified":"2024-10-16T18:57:17","modified_gmt":"2024-10-16T16:57:17","slug":"coaching-en-langues","status":"publish","type":"page","link":"https:\/\/trilinguatime.vaniseo.pro\/index.php\/coaching-en-langues\/","title":{"rendered":"COACHING EN LANGUES"},"content":{"rendered":"\t\t<div data-elementor-type=\"wp-page\" data-elementor-id=\"3525\" class=\"elementor elementor-3525\" data-elementor-post-type=\"page\">\n\t\t\t\t<div class=\"elementor-element elementor-element-8f35713 e-flex e-con-boxed e-con e-parent\" data-id=\"8f35713\" data-element_type=\"container\">\n\t\t\t\t\t<div class=\"e-con-inner\">\n\t\t\t\t<div class=\"elementor-element elementor-element-60586f2 elementor-widget elementor-widget-spacer\" data-id=\"60586f2\" data-element_type=\"widget\" data-widget_type=\"spacer.default\">\n\t\t\t\t<div class=\"elementor-widget-container\">\n\t\t\t\t\t\t\t<div class=\"elementor-spacer\">\n\t\t\t<div class=\"elementor-spacer-inner\"><\/div>\n\t\t<\/div>\n\t\t\t\t\t\t<\/div>\n\t\t\t\t<\/div>\n\t\t\t\t\t<\/div>\n\t\t\t\t<\/div>\n\t\t<div class=\"elementor-element elementor-element-d7d6c8e e-flex e-con-boxed e-con e-parent\" data-id=\"d7d6c8e\" data-element_type=\"container\">\n\t\t\t\t\t<div class=\"e-con-inner\">\n\t\t\t\t<div class=\"elementor-element elementor-element-bff86e1 elementor-widget elementor-widget-heading\" data-id=\"bff86e1\" data-element_type=\"widget\" data-widget_type=\"heading.default\">\n\t\t\t\t<div class=\"elementor-widget-container\">\n\t\t\t\t\t<h2 class=\"elementor-heading-title elementor-size-default\">M\u00e9thodologie<\/h2>\t\t\t\t<\/div>\n\t\t\t\t<\/div>\n\t\t\t\t\t<\/div>\n\t\t\t\t<\/div>\n\t\t<div class=\"elementor-element elementor-element-5b51fe1 e-flex e-con-boxed e-con e-parent\" data-id=\"5b51fe1\" data-element_type=\"container\">\n\t\t\t\t\t<div class=\"e-con-inner\">\n\t\t<div class=\"elementor-element elementor-element-60a7679 e-flex e-con-boxed e-con e-child\" data-id=\"60a7679\" data-element_type=\"container\">\n\t\t\t\t\t<div class=\"e-con-inner\">\n\t\t\t\t<div class=\"elementor-element elementor-element-f0dff98 elementor-widget elementor-widget-text-editor\" data-id=\"f0dff98\" data-element_type=\"widget\" data-widget_type=\"text-editor.default\">\n\t\t\t\t<div class=\"elementor-widget-container\">\n\t\t\t\t\t\t\t\t\t<p><b>Vous souhaitez am\u00e9liorer vos comp\u00e9tences linguistiques de fa\u00e7on cibl\u00e9e sans suivre des cours de langues\u00a0?\u00a0<br \/><\/b><b>Vous aimez travailler de fa\u00e7on autonome mais vous n\u2019avez pas le temps d\u2019aller chercher les ressources\u00a0qui vous permettent de le faire ?\u00a0<br \/><\/b><b>Vous souhaitez \u00eatre guid\u00e9(e) et b\u00e9n\u00e9ficier d\u2019un feed-back constructif hebdomadaire qui vous fait r\u00e9ellement avancer dans la pratique\u00a0?<br \/><br \/>La formule de Coaching est faite pour vous !<\/b><\/p><p>Lors du coaching en langues, l\u2019accent est mis sur un accompagnement sur 6 semaines qui vous permet de travailler de fa\u00e7on plus autonome et qui vise \u00e0 vous donner les cl\u00e9s pour vous exprimer avec confiance en toute situation.\u00a0<\/p><p>Nous nous rencontrons une fois par semaine par visio.<\/p><p>Mon r\u00f4le est alors de vous guider afin que vous puissiez atteindre vos objectifs. Si g\u00e9n\u00e9ralement il ne s\u2019agit pas de cours de langue ici, il est possible de d\u00e9dier une des s\u00e9ances visio \u00e0 la r\u00e9vision d\u2019un aspect de la langue qui m\u00e9rite ou n\u00e9cessite une attention particuli\u00e8re.\u00a0\u00a0\u00a0<\/p><p>Selon les objectifs fix\u00e9s ensemble, je vous propose un travail adapt\u00e9 \u00e0 vos besoins, \u00e0 r\u00e9aliser en-dehors de nos sessions en ligne. Vous ne perdrez pas de temps\u00a0\u2013 je m\u2019occupe de d\u00e9nicher le sujet qu\u2019il vous faut\u00a0: du mat\u00e9riel vari\u00e9 et int\u00e9ressant, adapt\u00e9 \u00e0 votre niveau et \u00e0 vos objectifs. J\u2019analyse ensuite votre travail et lors de la s\u00e9ance visio suivante, vous aurez un feedback clair et constructif, et des r\u00e9ponses \u00e0 vos \u00e9ventuelles questions. Pour la semaine suivante, vous aurez un nouveau d\u00e9fi linguistique \u00e0 relever\u00a0!<\/p>\t\t\t\t\t\t\t\t<\/div>\n\t\t\t\t<\/div>\n\t\t\t\t\t<\/div>\n\t\t\t\t<\/div>\n\t\t<div class=\"elementor-element elementor-element-e3614cb e-flex e-con-boxed e-con e-child\" data-id=\"e3614cb\" data-element_type=\"container\">\n\t\t\t\t\t<div class=\"e-con-inner\">\n\t\t\t\t<div class=\"elementor-element elementor-element-cf9df02 elementor-widget elementor-widget-image\" data-id=\"cf9df02\" data-element_type=\"widget\" data-widget_type=\"image.default\">\n\t\t\t\t<div class=\"elementor-widget-container\">\n\t\t\t\t\t\t\t\t\t\t\t\t\t\t\t<img fetchpriority=\"high\" decoding=\"async\" width=\"533\" height=\"800\" src=\"https:\/\/trilinguatime.vaniseo.pro\/wp-content\/uploads\/2024\/05\/de61170c-e998-4ead-86c2-be508da49b88.jpg\" class=\"attachment-large size-large wp-image-3462\" alt=\"\" srcset=\"https:\/\/trilinguatime.vaniseo.pro\/wp-content\/uploads\/2024\/05\/de61170c-e998-4ead-86c2-be508da49b88.jpg 533w, https:\/\/trilinguatime.vaniseo.pro\/wp-content\/uploads\/2024\/05\/de61170c-e998-4ead-86c2-be508da49b88-200x300.jpg 200w\" sizes=\"(max-width: 533px) 100vw, 533px\" \/>\t\t\t\t\t\t\t\t\t\t\t\t\t\t\t<\/div>\n\t\t\t\t<\/div>\n\t\t\t\t\t<\/div>\n\t\t\t\t<\/div>\n\t\t\t\t\t<\/div>\n\t\t\t\t<\/div>\n\t\t<div class=\"elementor-element elementor-element-cb8b966 e-flex e-con-boxed e-con e-parent\" data-id=\"cb8b966\" data-element_type=\"container\">\n\t\t\t\t\t<div class=\"e-con-inner\">\n\t\t\t\t<div class=\"elementor-element elementor-element-99afc5f elementor-widget elementor-widget-spacer\" data-id=\"99afc5f\" data-element_type=\"widget\" data-widget_type=\"spacer.default\">\n\t\t\t\t<div class=\"elementor-widget-container\">\n\t\t\t\t\t\t\t<div class=\"elementor-spacer\">\n\t\t\t<div class=\"elementor-spacer-inner\"><\/div>\n\t\t<\/div>\n\t\t\t\t\t\t<\/div>\n\t\t\t\t<\/div>\n\t\t\t\t\t<\/div>\n\t\t\t\t<\/div>\n\t\t<div class=\"elementor-element elementor-element-2c7872e e-flex e-con-boxed e-con e-parent\" data-id=\"2c7872e\" data-element_type=\"container\">\n\t\t\t\t\t<div class=\"e-con-inner\">\n\t\t\t\t<div class=\"elementor-element elementor-element-50b4fdd elementor-widget elementor-widget-heading\" data-id=\"50b4fdd\" data-element_type=\"widget\" data-widget_type=\"heading.default\">\n\t\t\t\t<div class=\"elementor-widget-container\">\n\t\t\t\t\t<h2 class=\"elementor-heading-title elementor-size-default\">\nEntretien d'audit gratuit et sans engagement<\/h2>\t\t\t\t<\/div>\n\t\t\t\t<\/div>\n\t\t\t\t\t<\/div>\n\t\t\t\t<\/div>\n\t\t<div class=\"elementor-element elementor-element-565052a e-flex e-con-boxed e-con e-parent\" data-id=\"565052a\" data-element_type=\"container\">\n\t\t\t\t\t<div class=\"e-con-inner\">\n\t\t\t\t<div class=\"elementor-element elementor-element-948dfe3 elementor-widget elementor-widget-text-editor\" data-id=\"948dfe3\" data-element_type=\"widget\" data-widget_type=\"text-editor.default\">\n\t\t\t\t<div class=\"elementor-widget-container\">\n\t\t\t\t\t\t\t\t\t<p>Lors d\u2019un appel t\u00e9l\u00e9phonique ou par visio d\u2019une dur\u00e9e d\u2019environ 20 \u00e0 30 minutes, nous \u00e9valuons vos besoins, parlons de vos attentes et fixons vos objectifs.\u00a0<\/p><p><br \/>\ud83e\udc7a\u00a0Pour en b\u00e9n\u00e9ficier, il vous suffit de renseigner le formulaire ci-contre\u00a0:<\/p>\t\t\t\t\t\t\t\t<\/div>\n\t\t\t\t<\/div>\n\t\t\t\t\t<\/div>\n\t\t\t\t<\/div>\n\t\t<div class=\"elementor-element elementor-element-fbfc96a e-flex e-con-boxed e-con e-parent\" data-id=\"fbfc96a\" data-element_type=\"container\">\n\t\t\t\t\t<div class=\"e-con-inner\">\n\t\t\t\t<div class=\"elementor-element elementor-element-9267582 elementor-button-align-center elementor-widget elementor-widget-form\" data-id=\"9267582\" data-element_type=\"widget\" data-settings=\"{&quot;step_next_label&quot;:&quot;Next&quot;,&quot;step_previous_label&quot;:&quot;Previous&quot;,&quot;button_width&quot;:&quot;100&quot;,&quot;step_type&quot;:&quot;number_text&quot;,&quot;step_icon_shape&quot;:&quot;circle&quot;}\" data-widget_type=\"form.default\">\n\t\t\t\t<div class=\"elementor-widget-container\">\n\t\t\t\t\t\t\t<form class=\"elementor-form\" method=\"post\" name=\"New Form\">\n\t\t\t<input type=\"hidden\" name=\"post_id\" value=\"3525\"\/>\n\t\t\t<input type=\"hidden\" name=\"form_id\" value=\"9267582\"\/>\n\t\t\t<input type=\"hidden\" name=\"referer_title\" value=\"trilinguatime\" \/>\n\n\t\t\t\n\t\t\t<div class=\"elementor-form-fields-wrapper elementor-labels-above\">\n\t\t\t\t\t\t\t\t<div class=\"elementor-field-type-text elementor-field-group elementor-column elementor-field-group-name elementor-col-100\">\n\t\t\t\t\t\t\t\t\t\t\t\t<label for=\"form-field-name\" class=\"elementor-field-label\">\n\t\t\t\t\t\t\t\tNom\t\t\t\t\t\t\t<\/label>\n\t\t\t\t\t\t\t\t\t\t\t\t\t\t<input size=\"1\" type=\"text\" name=\"form_fields[name]\" id=\"form-field-name\" class=\"elementor-field elementor-size-sm  elementor-field-textual\" placeholder=\"Nom\">\n\t\t\t\t\t\t\t\t\t\t\t<\/div>\n\t\t\t\t\t\t\t\t<div class=\"elementor-field-type-text elementor-field-group elementor-column elementor-field-group-field_8769242 elementor-col-100\">\n\t\t\t\t\t\t\t\t\t\t\t\t<label for=\"form-field-field_8769242\" class=\"elementor-field-label\">\n\t\t\t\t\t\t\t\tPr\u00e9nom\t\t\t\t\t\t\t<\/label>\n\t\t\t\t\t\t\t\t\t\t\t\t\t\t<input size=\"1\" type=\"text\" name=\"form_fields[field_8769242]\" id=\"form-field-field_8769242\" class=\"elementor-field elementor-size-sm  elementor-field-textual\" placeholder=\"Pr\u00e9nom\">\n\t\t\t\t\t\t\t\t\t\t\t<\/div>\n\t\t\t\t\t\t\t\t<div class=\"elementor-field-type-email elementor-field-group elementor-column elementor-field-group-email elementor-col-100 elementor-field-required\">\n\t\t\t\t\t\t\t\t\t\t\t\t<label for=\"form-field-email\" class=\"elementor-field-label\">\n\t\t\t\t\t\t\t\tEmail\t\t\t\t\t\t\t<\/label>\n\t\t\t\t\t\t\t\t\t\t\t\t\t\t<input size=\"1\" type=\"email\" name=\"form_fields[email]\" id=\"form-field-email\" class=\"elementor-field elementor-size-sm  elementor-field-textual\" placeholder=\"Email\" required=\"required\">\n\t\t\t\t\t\t\t\t\t\t\t<\/div>\n\t\t\t\t\t\t\t\t<div class=\"elementor-field-type-text elementor-field-group elementor-column elementor-field-group-message elementor-col-100\">\n\t\t\t\t\t\t\t\t\t\t\t\t<label for=\"form-field-message\" class=\"elementor-field-label\">\n\t\t\t\t\t\t\t\tVille\/pays\t\t\t\t\t\t\t<\/label>\n\t\t\t\t\t\t\t\t\t\t\t\t\t\t<input size=\"1\" type=\"text\" name=\"form_fields[message]\" id=\"form-field-message\" class=\"elementor-field elementor-size-sm  elementor-field-textual\" placeholder=\"Ville\/pays\">\n\t\t\t\t\t\t\t\t\t\t\t<\/div>\n\t\t\t\t\t\t\t\t<div class=\"elementor-field-type-select elementor-field-group elementor-column elementor-field-group-field_a6c0a18 elementor-col-100\">\n\t\t\t\t\t\t\t\t\t\t\t\t<label for=\"form-field-field_a6c0a18\" class=\"elementor-field-label\">\n\t\t\t\t\t\t\t\tPour quelle langue souhaitez-vous un coaching ?\t\t\t\t\t\t\t<\/label>\n\t\t\t\t\t\t\t\t<div class=\"elementor-field elementor-select-wrapper remove-before \">\n\t\t\t<div class=\"select-caret-down-wrapper\">\n\t\t\t\t<svg aria-hidden=\"true\" class=\"e-font-icon-svg e-eicon-caret-down\" viewBox=\"0 0 571.4 571.4\" xmlns=\"http:\/\/www.w3.org\/2000\/svg\"><path d=\"M571 393Q571 407 561 418L311 668Q300 679 286 679T261 668L11 418Q0 407 0 393T11 368 36 357H536Q550 357 561 368T571 393Z\"><\/path><\/svg>\t\t\t<\/div>\n\t\t\t<select name=\"form_fields[field_a6c0a18]\" id=\"form-field-field_a6c0a18\" class=\"elementor-field-textual elementor-size-sm\">\n\t\t\t\t\t\t\t\t\t<option value=\"anglais\">anglais<\/option>\n\t\t\t\t\t\t\t\t\t<option value=\"fran\u00e7ais\">fran\u00e7ais<\/option>\n\t\t\t\t\t\t\t\t\t<option value=\"n\u00e9erlandais\">n\u00e9erlandais<\/option>\n\t\t\t\t\t\t\t<\/select>\n\t\t<\/div>\n\t\t\t\t\t\t<\/div>\n\t\t\t\t\t\t\t\t<div class=\"elementor-field-group elementor-column elementor-field-type-submit elementor-col-100 e-form__buttons\">\n\t\t\t\t\t<button class=\"elementor-button elementor-size-xs\" type=\"submit\">\n\t\t\t\t\t\t<span class=\"elementor-button-content-wrapper\">\n\t\t\t\t\t\t\t\t\t\t\t\t\t\t\t\t\t\t\t\t\t\t<span class=\"elementor-button-text\">Envoyer<\/span>\n\t\t\t\t\t\t\t\t\t\t\t\t\t<\/span>\n\t\t\t\t\t<\/button>\n\t\t\t\t<\/div>\n\t\t\t<\/div>\n\t\t<\/form>\n\t\t\t\t\t\t<\/div>\n\t\t\t\t<\/div>\n\t\t\t\t<div class=\"elementor-element elementor-element-6420bfd elementor-widget elementor-widget-text-editor\" data-id=\"6420bfd\" data-element_type=\"widget\" data-widget_type=\"text-editor.default\">\n\t\t\t\t<div class=\"elementor-widget-container\">\n\t\t\t\t\t\t\t\t\t<p><em>*En d\u00e9but de coaching, je vous proposerai un test de niveau (gratuit).<\/em><\/p>\t\t\t\t\t\t\t\t<\/div>\n\t\t\t\t<\/div>\n\t\t\t\t\t<\/div>\n\t\t\t\t<\/div>\n\t\t<div class=\"elementor-element elementor-element-f0ab46e e-flex e-con-boxed e-con e-parent\" data-id=\"f0ab46e\" data-element_type=\"container\">\n\t\t\t\t\t<div class=\"e-con-inner\">\n\t\t\t\t<div class=\"elementor-element elementor-element-f165a39 elementor-widget elementor-widget-spacer\" data-id=\"f165a39\" data-element_type=\"widget\" data-widget_type=\"spacer.default\">\n\t\t\t\t<div class=\"elementor-widget-container\">\n\t\t\t\t\t\t\t<div class=\"elementor-spacer\">\n\t\t\t<div class=\"elementor-spacer-inner\"><\/div>\n\t\t<\/div>\n\t\t\t\t\t\t<\/div>\n\t\t\t\t<\/div>\n\t\t\t\t\t<\/div>\n\t\t\t\t<\/div>\n\t\t<div class=\"elementor-element elementor-element-7dd0d49 e-flex e-con-boxed e-con e-parent\" data-id=\"7dd0d49\" data-element_type=\"container\">\n\t\t\t\t\t<div class=\"e-con-inner\">\n\t\t\t\t<div class=\"elementor-element elementor-element-fa240f0 elementor-widget elementor-widget-heading\" data-id=\"fa240f0\" data-element_type=\"widget\" data-widget_type=\"heading.default\">\n\t\t\t\t<div class=\"elementor-widget-container\">\n\t\t\t\t\t<h2 class=\"elementor-heading-title elementor-size-default\">Tarif coaching 6 semaines<\/h2>\t\t\t\t<\/div>\n\t\t\t\t<\/div>\n\t\t\t\t<div class=\"elementor-element elementor-element-cac339d elementor-widget elementor-widget-text-editor\" data-id=\"cac339d\" data-element_type=\"widget\" data-widget_type=\"text-editor.default\">\n\t\t\t\t<div class=\"elementor-widget-container\">\n\t\t\t\t\t\t\t\t\t<p><b>incluant 1 s\u00e9ance visio par semaine\u00a0: 540\u20ac\u00a0<br \/><\/b><b>S\u00e9ance visio suppl\u00e9mentaire \u00e0 la demande\u00a0: 35\u00a0\u20ac<\/b><\/p>\t\t\t\t\t\t\t\t<\/div>\n\t\t\t\t<\/div>\n\t\t\t\t\t<\/div>\n\t\t\t\t<\/div>\n\t\t<div class=\"elementor-element elementor-element-255ff97 e-flex e-con-boxed e-con e-parent\" data-id=\"255ff97\" data-element_type=\"container\">\n\t\t\t\t\t<div class=\"e-con-inner\">\n\t\t\t\t<div class=\"elementor-element elementor-element-1d16231 elementor-widget elementor-widget-spacer\" data-id=\"1d16231\" data-element_type=\"widget\" data-widget_type=\"spacer.default\">\n\t\t\t\t<div class=\"elementor-widget-container\">\n\t\t\t\t\t\t\t<div class=\"elementor-spacer\">\n\t\t\t<div class=\"elementor-spacer-inner\"><\/div>\n\t\t<\/div>\n\t\t\t\t\t\t<\/div>\n\t\t\t\t<\/div>\n\t\t\t\t\t<\/div>\n\t\t\t\t<\/div>\n\t\t\t\t<\/div>\n\t\t","protected":false},"excerpt":{"rendered":"<p>M\u00e9thodologie Vous souhaitez am\u00e9liorer vos comp\u00e9tences linguistiques de fa\u00e7on cibl\u00e9e sans suivre des cours de langues\u00a0?\u00a0Vous aimez travailler de fa\u00e7on autonome mais vous n\u2019avez pas le temps d\u2019aller chercher les ressources\u00a0qui vous permettent de le faire ?\u00a0Vous souhaitez \u00eatre guid\u00e9(e) et b\u00e9n\u00e9ficier d\u2019un feed-back constructif hebdomadaire qui vous fait r\u00e9ellement avancer dans la pratique\u00a0? La&hellip;<\/p>\n","protected":false},"author":2,"featured_media":0,"parent":0,"menu_order":0,"comment_status":"closed","ping_status":"closed","template":"","meta":{"footnotes":""},"class_list":["post-3525","page","type-page","status-publish","hentry"],"yoast_head":"<!-- This site is optimized with the Yoast SEO plugin v24.4 - https:\/\/yoast.com\/wordpress\/plugins\/seo\/ -->\n<title>COACHING EN LANGUES - trilinguatime<\/title>\n<meta name=\"robots\" content=\"noindex, follow, max-snippet:-1, max-image-preview:large, max-video-preview:-1\" \/>\n<meta property=\"og:locale\" content=\"en_US\" \/>\n<meta property=\"og:type\" content=\"article\" \/>\n<meta property=\"og:title\" content=\"COACHING EN LANGUES - trilinguatime\" \/>\n<meta property=\"og:description\" content=\"M\u00e9thodologie Vous souhaitez am\u00e9liorer vos comp\u00e9tences linguistiques de fa\u00e7on cibl\u00e9e sans suivre des cours de langues\u00a0?\u00a0Vous aimez travailler de fa\u00e7on autonome mais vous n\u2019avez pas le temps d\u2019aller chercher les ressources\u00a0qui vous permettent de le faire ?\u00a0Vous souhaitez \u00eatre guid\u00e9(e) et b\u00e9n\u00e9ficier d\u2019un feed-back constructif hebdomadaire qui vous fait r\u00e9ellement avancer dans la pratique\u00a0? La&hellip;\" \/>\n<meta property=\"og:url\" content=\"https:\/\/trilinguatime.vaniseo.pro\/index.php\/coaching-en-langues\/\" \/>\n<meta property=\"og:site_name\" content=\"trilinguatime\" \/>\n<meta property=\"article:modified_time\" content=\"2024-10-16T16:57:17+00:00\" \/>\n<meta property=\"og:image\" content=\"https:\/\/trilinguatime.vaniseo.pro\/wp-content\/uploads\/2024\/05\/de61170c-e998-4ead-86c2-be508da49b88.jpg\" \/>\n<meta name=\"twitter:card\" content=\"summary_large_image\" \/>\n<meta name=\"twitter:label1\" content=\"Est. reading time\" \/>\n\t<meta name=\"twitter:data1\" content=\"2 minutes\" \/>\n<script type=\"application\/ld+json\" class=\"yoast-schema-graph\">{\"@context\":\"https:\/\/schema.org\",\"@graph\":[{\"@type\":\"WebPage\",\"@id\":\"https:\/\/trilinguatime.vaniseo.pro\/index.php\/coaching-en-langues\/\",\"url\":\"https:\/\/trilinguatime.vaniseo.pro\/index.php\/coaching-en-langues\/\",\"name\":\"COACHING EN LANGUES - trilinguatime\",\"isPartOf\":{\"@id\":\"https:\/\/trilinguatime.vaniseo.pro\/#website\"},\"primaryImageOfPage\":{\"@id\":\"https:\/\/trilinguatime.vaniseo.pro\/index.php\/coaching-en-langues\/#primaryimage\"},\"image\":{\"@id\":\"https:\/\/trilinguatime.vaniseo.pro\/index.php\/coaching-en-langues\/#primaryimage\"},\"thumbnailUrl\":\"https:\/\/trilinguatime.vaniseo.pro\/wp-content\/uploads\/2024\/05\/de61170c-e998-4ead-86c2-be508da49b88.jpg\",\"datePublished\":\"2024-05-07T08:31:45+00:00\",\"dateModified\":\"2024-10-16T16:57:17+00:00\",\"breadcrumb\":{\"@id\":\"https:\/\/trilinguatime.vaniseo.pro\/index.php\/coaching-en-langues\/#breadcrumb\"},\"inLanguage\":\"en-US\",\"potentialAction\":[{\"@type\":\"ReadAction\",\"target\":[\"https:\/\/trilinguatime.vaniseo.pro\/index.php\/coaching-en-langues\/\"]}]},{\"@type\":\"ImageObject\",\"inLanguage\":\"en-US\",\"@id\":\"https:\/\/trilinguatime.vaniseo.pro\/index.php\/coaching-en-langues\/#primaryimage\",\"url\":\"https:\/\/trilinguatime.vaniseo.pro\/wp-content\/uploads\/2024\/05\/de61170c-e998-4ead-86c2-be508da49b88.jpg\",\"contentUrl\":\"https:\/\/trilinguatime.vaniseo.pro\/wp-content\/uploads\/2024\/05\/de61170c-e998-4ead-86c2-be508da49b88.jpg\",\"width\":533,\"height\":800},{\"@type\":\"BreadcrumbList\",\"@id\":\"https:\/\/trilinguatime.vaniseo.pro\/index.php\/coaching-en-langues\/#breadcrumb\",\"itemListElement\":[{\"@type\":\"ListItem\",\"position\":1,\"name\":\"Accueil\",\"item\":\"https:\/\/trilinguatime.vaniseo.pro\/\"},{\"@type\":\"ListItem\",\"position\":2,\"name\":\"COACHING EN LANGUES\"}]},{\"@type\":\"WebSite\",\"@id\":\"https:\/\/trilinguatime.vaniseo.pro\/#website\",\"url\":\"https:\/\/trilinguatime.vaniseo.pro\/\",\"name\":\"trilinguatime\",\"description\":\"\",\"publisher\":{\"@id\":\"https:\/\/trilinguatime.vaniseo.pro\/#organization\"},\"potentialAction\":[{\"@type\":\"SearchAction\",\"target\":{\"@type\":\"EntryPoint\",\"urlTemplate\":\"https:\/\/trilinguatime.vaniseo.pro\/?s={search_term_string}\"},\"query-input\":{\"@type\":\"PropertyValueSpecification\",\"valueRequired\":true,\"valueName\":\"search_term_string\"}}],\"inLanguage\":\"en-US\"},{\"@type\":\"Organization\",\"@id\":\"https:\/\/trilinguatime.vaniseo.pro\/#organization\",\"name\":\"trilinguatime\",\"url\":\"https:\/\/trilinguatime.vaniseo.pro\/\",\"logo\":{\"@type\":\"ImageObject\",\"inLanguage\":\"en-US\",\"@id\":\"https:\/\/trilinguatime.vaniseo.pro\/#\/schema\/logo\/image\/\",\"url\":\"https:\/\/trilinguatime.vaniseo.pro\/wp-content\/uploads\/2024\/03\/Capture-decran-2024-03-07-a-15.18.03.png\",\"contentUrl\":\"https:\/\/trilinguatime.vaniseo.pro\/wp-content\/uploads\/2024\/03\/Capture-decran-2024-03-07-a-15.18.03.png\",\"width\":732,\"height\":248,\"caption\":\"trilinguatime\"},\"image\":{\"@id\":\"https:\/\/trilinguatime.vaniseo.pro\/#\/schema\/logo\/image\/\"}}]}<\/script>\n<!-- \/ Yoast SEO plugin. -->","yoast_head_json":{"title":"COACHING EN LANGUES - trilinguatime","robots":{"index":"noindex","follow":"follow","max-snippet":"max-snippet:-1","max-image-preview":"max-image-preview:large","max-video-preview":"max-video-preview:-1"},"og_locale":"en_US","og_type":"article","og_title":"COACHING EN LANGUES - trilinguatime","og_description":"M\u00e9thodologie Vous souhaitez am\u00e9liorer vos comp\u00e9tences linguistiques de fa\u00e7on cibl\u00e9e sans suivre des cours de langues\u00a0?\u00a0Vous aimez travailler de fa\u00e7on autonome mais vous n\u2019avez pas le temps d\u2019aller chercher les ressources\u00a0qui vous permettent de le faire ?\u00a0Vous souhaitez \u00eatre guid\u00e9(e) et b\u00e9n\u00e9ficier d\u2019un feed-back constructif hebdomadaire qui vous fait r\u00e9ellement avancer dans la pratique\u00a0? La&hellip;","og_url":"https:\/\/trilinguatime.vaniseo.pro\/index.php\/coaching-en-langues\/","og_site_name":"trilinguatime","article_modified_time":"2024-10-16T16:57:17+00:00","og_image":[{"url":"https:\/\/trilinguatime.vaniseo.pro\/wp-content\/uploads\/2024\/05\/de61170c-e998-4ead-86c2-be508da49b88.jpg","type":"","width":"","height":""}],"twitter_card":"summary_large_image","twitter_misc":{"Est. reading time":"2 minutes"},"schema":{"@context":"https:\/\/schema.org","@graph":[{"@type":"WebPage","@id":"https:\/\/trilinguatime.vaniseo.pro\/index.php\/coaching-en-langues\/","url":"https:\/\/trilinguatime.vaniseo.pro\/index.php\/coaching-en-langues\/","name":"COACHING EN LANGUES - trilinguatime","isPartOf":{"@id":"https:\/\/trilinguatime.vaniseo.pro\/#website"},"primaryImageOfPage":{"@id":"https:\/\/trilinguatime.vaniseo.pro\/index.php\/coaching-en-langues\/#primaryimage"},"image":{"@id":"https:\/\/trilinguatime.vaniseo.pro\/index.php\/coaching-en-langues\/#primaryimage"},"thumbnailUrl":"https:\/\/trilinguatime.vaniseo.pro\/wp-content\/uploads\/2024\/05\/de61170c-e998-4ead-86c2-be508da49b88.jpg","datePublished":"2024-05-07T08:31:45+00:00","dateModified":"2024-10-16T16:57:17+00:00","breadcrumb":{"@id":"https:\/\/trilinguatime.vaniseo.pro\/index.php\/coaching-en-langues\/#breadcrumb"},"inLanguage":"en-US","potentialAction":[{"@type":"ReadAction","target":["https:\/\/trilinguatime.vaniseo.pro\/index.php\/coaching-en-langues\/"]}]},{"@type":"ImageObject","inLanguage":"en-US","@id":"https:\/\/trilinguatime.vaniseo.pro\/index.php\/coaching-en-langues\/#primaryimage","url":"https:\/\/trilinguatime.vaniseo.pro\/wp-content\/uploads\/2024\/05\/de61170c-e998-4ead-86c2-be508da49b88.jpg","contentUrl":"https:\/\/trilinguatime.vaniseo.pro\/wp-content\/uploads\/2024\/05\/de61170c-e998-4ead-86c2-be508da49b88.jpg","width":533,"height":800},{"@type":"BreadcrumbList","@id":"https:\/\/trilinguatime.vaniseo.pro\/index.php\/coaching-en-langues\/#breadcrumb","itemListElement":[{"@type":"ListItem","position":1,"name":"Accueil","item":"https:\/\/trilinguatime.vaniseo.pro\/"},{"@type":"ListItem","position":2,"name":"COACHING EN LANGUES"}]},{"@type":"WebSite","@id":"https:\/\/trilinguatime.vaniseo.pro\/#website","url":"https:\/\/trilinguatime.vaniseo.pro\/","name":"trilinguatime","description":"","publisher":{"@id":"https:\/\/trilinguatime.vaniseo.pro\/#organization"},"potentialAction":[{"@type":"SearchAction","target":{"@type":"EntryPoint","urlTemplate":"https:\/\/trilinguatime.vaniseo.pro\/?s={search_term_string}"},"query-input":{"@type":"PropertyValueSpecification","valueRequired":true,"valueName":"search_term_string"}}],"inLanguage":"en-US"},{"@type":"Organization","@id":"https:\/\/trilinguatime.vaniseo.pro\/#organization","name":"trilinguatime","url":"https:\/\/trilinguatime.vaniseo.pro\/","logo":{"@type":"ImageObject","inLanguage":"en-US","@id":"https:\/\/trilinguatime.vaniseo.pro\/#\/schema\/logo\/image\/","url":"https:\/\/trilinguatime.vaniseo.pro\/wp-content\/uploads\/2024\/03\/Capture-decran-2024-03-07-a-15.18.03.png","contentUrl":"https:\/\/trilinguatime.vaniseo.pro\/wp-content\/uploads\/2024\/03\/Capture-decran-2024-03-07-a-15.18.03.png","width":732,"height":248,"caption":"trilinguatime"},"image":{"@id":"https:\/\/trilinguatime.vaniseo.pro\/#\/schema\/logo\/image\/"}}]}},"_links":{"self":[{"href":"https:\/\/trilinguatime.vaniseo.pro\/index.php\/wp-json\/wp\/v2\/pages\/3525","targetHints":{"allow":["GET"]}}],"collection":[{"href":"https:\/\/trilinguatime.vaniseo.pro\/index.php\/wp-json\/wp\/v2\/pages"}],"about":[{"href":"https:\/\/trilinguatime.vaniseo.pro\/index.php\/wp-json\/wp\/v2\/types\/page"}],"author":[{"embeddable":true,"href":"https:\/\/trilinguatime.vaniseo.pro\/index.php\/wp-json\/wp\/v2\/users\/2"}],"replies":[{"embeddable":true,"href":"https:\/\/trilinguatime.vaniseo.pro\/index.php\/wp-json\/wp\/v2\/comments?post=3525"}],"version-history":[{"count":28,"href":"https:\/\/trilinguatime.vaniseo.pro\/index.php\/wp-json\/wp\/v2\/pages\/3525\/revisions"}],"predecessor-version":[{"id":3793,"href":"https:\/\/trilinguatime.vaniseo.pro\/index.php\/wp-json\/wp\/v2\/pages\/3525\/revisions\/3793"}],"wp:attachment":[{"href":"https:\/\/trilinguatime.vaniseo.pro\/index.php\/wp-json\/wp\/v2\/media?parent=3525"}],"curies":[{"name":"wp","href":"https:\/\/api.w.org\/{rel}","templated":true}]}}