{"id":3636,"date":"2024-05-10T09:44:20","date_gmt":"2024-05-10T07:44:20","guid":{"rendered":"https:\/\/trilinguatime.vaniseo.pro\/?page_id=3636"},"modified":"2024-06-05T15:40:23","modified_gmt":"2024-06-05T13:40:23","slug":"blog","status":"publish","type":"page","link":"https:\/\/trilinguatime.vaniseo.pro\/index.php\/blog\/","title":{"rendered":"Blog"},"content":{"rendered":"\t\t<div data-elementor-type=\"wp-page\" data-elementor-id=\"3636\" class=\"elementor elementor-3636\" data-elementor-post-type=\"page\">\n\t\t\t\t<div class=\"elementor-element elementor-element-3f5401d e-flex e-con-boxed e-con e-parent\" data-id=\"3f5401d\" data-element_type=\"container\">\n\t\t\t\t\t<div class=\"e-con-inner\">\n\t\t\t\t<div class=\"elementor-element elementor-element-3754548 elementor-widget elementor-widget-heading\" data-id=\"3754548\" data-element_type=\"widget\" data-widget_type=\"heading.default\">\n\t\t\t\t<div class=\"elementor-widget-container\">\n\t\t\t\t\t<h2 class=\"elementor-heading-title elementor-size-default\">Retrouvez tous vos articles de blog ici !<\/h2>\t\t\t\t<\/div>\n\t\t\t\t<\/div>\n\t\t\t\t\t<\/div>\n\t\t\t\t<\/div>\n\t\t<div class=\"elementor-element elementor-element-a009c18 e-flex e-con-boxed e-con e-parent\" data-id=\"a009c18\" data-element_type=\"container\">\n\t\t\t\t\t<div class=\"e-con-inner\">\n\t\t\t\t<div class=\"elementor-element elementor-element-898c8b6 elementor-widget elementor-widget-spacer\" data-id=\"898c8b6\" data-element_type=\"widget\" data-widget_type=\"spacer.default\">\n\t\t\t\t<div class=\"elementor-widget-container\">\n\t\t\t\t\t\t\t<div class=\"elementor-spacer\">\n\t\t\t<div class=\"elementor-spacer-inner\"><\/div>\n\t\t<\/div>\n\t\t\t\t\t\t<\/div>\n\t\t\t\t<\/div>\n\t\t\t\t\t<\/div>\n\t\t\t\t<\/div>\n\t\t<div class=\"elementor-element elementor-element-df35694 e-flex e-con-boxed e-con e-parent\" data-id=\"df35694\" data-element_type=\"container\">\n\t\t\t\t\t<div class=\"e-con-inner\">\n\t\t\t\t<div class=\"elementor-element elementor-element-c3476f3 elementor-posts--align-center elementor-grid-3 elementor-grid-tablet-2 elementor-grid-mobile-1 elementor-posts--thumbnail-top elementor-widget elementor-widget-posts\" data-id=\"c3476f3\" data-element_type=\"widget\" data-settings=\"{&quot;pagination_type&quot;:&quot;prev_next&quot;,&quot;classic_columns&quot;:&quot;3&quot;,&quot;classic_columns_tablet&quot;:&quot;2&quot;,&quot;classic_columns_mobile&quot;:&quot;1&quot;,&quot;classic_row_gap&quot;:{&quot;unit&quot;:&quot;px&quot;,&quot;size&quot;:35,&quot;sizes&quot;:[]},&quot;classic_row_gap_tablet&quot;:{&quot;unit&quot;:&quot;px&quot;,&quot;size&quot;:&quot;&quot;,&quot;sizes&quot;:[]},&quot;classic_row_gap_mobile&quot;:{&quot;unit&quot;:&quot;px&quot;,&quot;size&quot;:&quot;&quot;,&quot;sizes&quot;:[]}}\" data-widget_type=\"posts.classic\">\n\t\t\t\t<div class=\"elementor-widget-container\">\n\t\t\t\t\t\t\t<div class=\"elementor-posts-container elementor-posts elementor-posts--skin-classic elementor-grid\">\n\t\t\t\t<article class=\"elementor-post elementor-grid-item post-3630 post type-post status-publish format-standard has-post-thumbnail hentry category-non-classe-fr\">\n\t\t\t\t<a class=\"elementor-post__thumbnail__link\" href=\"https:\/\/trilinguatime.vaniseo.pro\/index.php\/2024\/05\/10\/le-neerlandais-cest-moche\/\" tabindex=\"-1\" >\n\t\t\t<div class=\"elementor-post__thumbnail\"><img fetchpriority=\"high\" decoding=\"async\" width=\"599\" height=\"479\" src=\"https:\/\/trilinguatime.vaniseo.pro\/wp-content\/uploads\/2024\/05\/fec252ac-c3c2-44e2-8bb3-95f7054b470a.jpg\" class=\"attachment-2048x2048 size-2048x2048 wp-image-3632\" alt=\"\" srcset=\"https:\/\/trilinguatime.vaniseo.pro\/wp-content\/uploads\/2024\/05\/fec252ac-c3c2-44e2-8bb3-95f7054b470a.jpg 599w, https:\/\/trilinguatime.vaniseo.pro\/wp-content\/uploads\/2024\/05\/fec252ac-c3c2-44e2-8bb3-95f7054b470a-300x240.jpg 300w\" sizes=\"(max-width: 599px) 100vw, 599px\" \/><\/div>\n\t\t<\/a>\n\t\t\t\t<div class=\"elementor-post__text\">\n\t\t\t\t<h3 class=\"elementor-post__title\">\n\t\t\t<a href=\"https:\/\/trilinguatime.vaniseo.pro\/index.php\/2024\/05\/10\/le-neerlandais-cest-moche\/\" >\n\t\t\t\tLe n\u00e9erlandais, c\u2019est moche\u00a0!\t\t\t<\/a>\n\t\t<\/h3>\n\t\t\t\t<div class=\"elementor-post__meta-data\">\n\t\t\t\t\t<span class=\"elementor-post-date\">\n\t\t\t10 May 2024\t\t<\/span>\n\t\t\t\t<span class=\"elementor-post-avatar\">\n\t\t\tNo Comments\t\t<\/span>\n\t\t\t\t<\/div>\n\t\t\t\t<div class=\"elementor-post__excerpt\">\n\t\t\t<p>J\u2019\u00e9tais plut\u00f4t d\u2019accord. Jusqu\u2019\u00e0\u2026 je ne sais pas exactement. Jusqu\u2019\u00e0 ce que je l\u2019enseigne, peut-\u00eatre\u00a0? Jusqu\u2019\u00e0 ce que j\u2019eusse pris du recul\u00a0? Litt\u00e9ralement\u00a0: de la<\/p>\n\t\t<\/div>\n\t\t\n\t\t<a class=\"elementor-post__read-more\" href=\"https:\/\/trilinguatime.vaniseo.pro\/index.php\/2024\/05\/10\/le-neerlandais-cest-moche\/\" aria-label=\"Read more about Le n\u00e9erlandais, c\u2019est moche\u00a0!\" tabindex=\"-1\" >\n\t\t\tLire la suite \u00bb\t\t<\/a>\n\n\t\t\t\t<\/div>\n\t\t\t\t<\/article>\n\t\t\t\t<article class=\"elementor-post elementor-grid-item post-3624 post type-post status-publish format-standard has-post-thumbnail hentry category-non-classe-fr\">\n\t\t\t\t<a class=\"elementor-post__thumbnail__link\" href=\"https:\/\/trilinguatime.vaniseo.pro\/index.php\/2024\/05\/07\/langue-de-coeur\/\" tabindex=\"-1\" >\n\t\t\t<div class=\"elementor-post__thumbnail\"><img decoding=\"async\" width=\"795\" height=\"658\" src=\"https:\/\/trilinguatime.vaniseo.pro\/wp-content\/uploads\/2024\/05\/dfb20c1e-9bb8-43e7-993e-5be7557ccee3.jpg\" class=\"attachment-2048x2048 size-2048x2048 wp-image-3626\" alt=\"\" srcset=\"https:\/\/trilinguatime.vaniseo.pro\/wp-content\/uploads\/2024\/05\/dfb20c1e-9bb8-43e7-993e-5be7557ccee3.jpg 795w, https:\/\/trilinguatime.vaniseo.pro\/wp-content\/uploads\/2024\/05\/dfb20c1e-9bb8-43e7-993e-5be7557ccee3-300x248.jpg 300w, https:\/\/trilinguatime.vaniseo.pro\/wp-content\/uploads\/2024\/05\/dfb20c1e-9bb8-43e7-993e-5be7557ccee3-768x636.jpg 768w\" sizes=\"(max-width: 795px) 100vw, 795px\" \/><\/div>\n\t\t<\/a>\n\t\t\t\t<div class=\"elementor-post__text\">\n\t\t\t\t<h3 class=\"elementor-post__title\">\n\t\t\t<a href=\"https:\/\/trilinguatime.vaniseo.pro\/index.php\/2024\/05\/07\/langue-de-coeur\/\" >\n\t\t\t\tLangue de c\u0153ur \u2764\ufe0f\t\t\t<\/a>\n\t\t<\/h3>\n\t\t\t\t<div class=\"elementor-post__meta-data\">\n\t\t\t\t\t<span class=\"elementor-post-date\">\n\t\t\t7 May 2024\t\t<\/span>\n\t\t\t\t<span class=\"elementor-post-avatar\">\n\t\t\tNo Comments\t\t<\/span>\n\t\t\t\t<\/div>\n\t\t\t\t<div class=\"elementor-post__excerpt\">\n\t\t\t<p>\u23ea A l\u2019\u00e2ge de cinq ans, cigarette (en chocolat) entre les doigts, je \u00ab\u00a0frimais\u00a0\u00bb avec les trois mots de fran\u00e7ais que j\u2019avais \u00ab\u00a0absorb\u00e9s\u00a0\u00bb quelque part\u00a0:<\/p>\n\t\t<\/div>\n\t\t\n\t\t<a class=\"elementor-post__read-more\" href=\"https:\/\/trilinguatime.vaniseo.pro\/index.php\/2024\/05\/07\/langue-de-coeur\/\" aria-label=\"Read more about Langue de c\u0153ur \u2764\ufe0f\" tabindex=\"-1\" >\n\t\t\tLire la suite \u00bb\t\t<\/a>\n\n\t\t\t\t<\/div>\n\t\t\t\t<\/article>\n\t\t\t\t<article class=\"elementor-post elementor-grid-item post-3614 post type-post status-publish format-standard has-post-thumbnail hentry category-blog\">\n\t\t\t\t<a class=\"elementor-post__thumbnail__link\" href=\"https:\/\/trilinguatime.vaniseo.pro\/index.php\/2024\/05\/07\/mots-intraduisibles\/\" tabindex=\"-1\" >\n\t\t\t<div class=\"elementor-post__thumbnail\"><img decoding=\"async\" width=\"553\" height=\"552\" src=\"https:\/\/trilinguatime.vaniseo.pro\/wp-content\/uploads\/2024\/05\/72553726-0069-4d21-ba7b-53ba0f54f2f4.png\" class=\"attachment-2048x2048 size-2048x2048 wp-image-3617\" alt=\"\" srcset=\"https:\/\/trilinguatime.vaniseo.pro\/wp-content\/uploads\/2024\/05\/72553726-0069-4d21-ba7b-53ba0f54f2f4.png 553w, https:\/\/trilinguatime.vaniseo.pro\/wp-content\/uploads\/2024\/05\/72553726-0069-4d21-ba7b-53ba0f54f2f4-300x300.png 300w, https:\/\/trilinguatime.vaniseo.pro\/wp-content\/uploads\/2024\/05\/72553726-0069-4d21-ba7b-53ba0f54f2f4-150x150.png 150w\" sizes=\"(max-width: 553px) 100vw, 553px\" \/><\/div>\n\t\t<\/a>\n\t\t\t\t<div class=\"elementor-post__text\">\n\t\t\t\t<h3 class=\"elementor-post__title\">\n\t\t\t<a href=\"https:\/\/trilinguatime.vaniseo.pro\/index.php\/2024\/05\/07\/mots-intraduisibles\/\" >\n\t\t\t\tMots intraduisibles\u00a0? \ud83e\udd37\u200d\u2640\ufe0f \ud83e\udd14\t\t\t<\/a>\n\t\t<\/h3>\n\t\t\t\t<div class=\"elementor-post__meta-data\">\n\t\t\t\t\t<span class=\"elementor-post-date\">\n\t\t\t7 May 2024\t\t<\/span>\n\t\t\t\t<span class=\"elementor-post-avatar\">\n\t\t\tNo Comments\t\t<\/span>\n\t\t\t\t<\/div>\n\t\t\t\t<div class=\"elementor-post__excerpt\">\n\t\t\t<p>* Gezellig! * \ud83d\ude0d Voil\u00e0 un mot n\u00e9erlandais que je trouve unique, magnifique. Plein de positivit\u00e9. Vraiment. \ud83e\udd29\u00a0Magnifique, mais difficile \u00e0 traduire. Me voil\u00e0 donc<\/p>\n\t\t<\/div>\n\t\t\n\t\t<a class=\"elementor-post__read-more\" href=\"https:\/\/trilinguatime.vaniseo.pro\/index.php\/2024\/05\/07\/mots-intraduisibles\/\" aria-label=\"Read more about Mots intraduisibles\u00a0? \ud83e\udd37\u200d\u2640\ufe0f \ud83e\udd14\" tabindex=\"-1\" >\n\t\t\tLire la suite \u00bb\t\t<\/a>\n\n\t\t\t\t<\/div>\n\t\t\t\t<\/article>\n\t\t\t\t<\/div>\n\t\t\n\t\t\t\t\t\t<\/div>\n\t\t\t\t<\/div>\n\t\t\t\t\t<\/div>\n\t\t\t\t<\/div>\n\t\t\t\t<\/div>\n\t\t","protected":false},"excerpt":{"rendered":"<p>Retrouvez tous vos articles de blog ici !<\/p>\n","protected":false},"author":2,"featured_media":0,"parent":0,"menu_order":0,"comment_status":"closed","ping_status":"closed","template":"","meta":{"footnotes":""},"class_list":["post-3636","page","type-page","status-publish","hentry"],"yoast_head":"<!-- This site is optimized with the Yoast SEO plugin v24.4 - https:\/\/yoast.com\/wordpress\/plugins\/seo\/ -->\n<title>Blog - trilinguatime<\/title>\n<meta name=\"robots\" content=\"noindex, follow, max-snippet:-1, max-image-preview:large, max-video-preview:-1\" \/>\n<meta property=\"og:locale\" content=\"en_US\" \/>\n<meta property=\"og:type\" content=\"article\" \/>\n<meta property=\"og:title\" content=\"Blog - trilinguatime\" \/>\n<meta property=\"og:description\" content=\"Retrouvez tous vos articles de blog ici !\" \/>\n<meta property=\"og:url\" content=\"https:\/\/trilinguatime.vaniseo.pro\/index.php\/blog\/\" \/>\n<meta property=\"og:site_name\" content=\"trilinguatime\" \/>\n<meta property=\"article:modified_time\" content=\"2024-06-05T13:40:23+00:00\" \/>\n<meta name=\"twitter:card\" content=\"summary_large_image\" \/>\n<script type=\"application\/ld+json\" class=\"yoast-schema-graph\">{\"@context\":\"https:\/\/schema.org\",\"@graph\":[{\"@type\":\"WebPage\",\"@id\":\"https:\/\/trilinguatime.vaniseo.pro\/index.php\/blog\/\",\"url\":\"https:\/\/trilinguatime.vaniseo.pro\/index.php\/blog\/\",\"name\":\"Blog - trilinguatime\",\"isPartOf\":{\"@id\":\"https:\/\/trilinguatime.vaniseo.pro\/#website\"},\"datePublished\":\"2024-05-10T07:44:20+00:00\",\"dateModified\":\"2024-06-05T13:40:23+00:00\",\"breadcrumb\":{\"@id\":\"https:\/\/trilinguatime.vaniseo.pro\/index.php\/blog\/#breadcrumb\"},\"inLanguage\":\"en-US\",\"potentialAction\":[{\"@type\":\"ReadAction\",\"target\":[\"https:\/\/trilinguatime.vaniseo.pro\/index.php\/blog\/\"]}]},{\"@type\":\"BreadcrumbList\",\"@id\":\"https:\/\/trilinguatime.vaniseo.pro\/index.php\/blog\/#breadcrumb\",\"itemListElement\":[{\"@type\":\"ListItem\",\"position\":1,\"name\":\"Accueil\",\"item\":\"https:\/\/trilinguatime.vaniseo.pro\/\"},{\"@type\":\"ListItem\",\"position\":2,\"name\":\"Blog\"}]},{\"@type\":\"WebSite\",\"@id\":\"https:\/\/trilinguatime.vaniseo.pro\/#website\",\"url\":\"https:\/\/trilinguatime.vaniseo.pro\/\",\"name\":\"trilinguatime\",\"description\":\"\",\"publisher\":{\"@id\":\"https:\/\/trilinguatime.vaniseo.pro\/#organization\"},\"potentialAction\":[{\"@type\":\"SearchAction\",\"target\":{\"@type\":\"EntryPoint\",\"urlTemplate\":\"https:\/\/trilinguatime.vaniseo.pro\/?s={search_term_string}\"},\"query-input\":{\"@type\":\"PropertyValueSpecification\",\"valueRequired\":true,\"valueName\":\"search_term_string\"}}],\"inLanguage\":\"en-US\"},{\"@type\":\"Organization\",\"@id\":\"https:\/\/trilinguatime.vaniseo.pro\/#organization\",\"name\":\"trilinguatime\",\"url\":\"https:\/\/trilinguatime.vaniseo.pro\/\",\"logo\":{\"@type\":\"ImageObject\",\"inLanguage\":\"en-US\",\"@id\":\"https:\/\/trilinguatime.vaniseo.pro\/#\/schema\/logo\/image\/\",\"url\":\"https:\/\/trilinguatime.vaniseo.pro\/wp-content\/uploads\/2024\/03\/Capture-decran-2024-03-07-a-15.18.03.png\",\"contentUrl\":\"https:\/\/trilinguatime.vaniseo.pro\/wp-content\/uploads\/2024\/03\/Capture-decran-2024-03-07-a-15.18.03.png\",\"width\":732,\"height\":248,\"caption\":\"trilinguatime\"},\"image\":{\"@id\":\"https:\/\/trilinguatime.vaniseo.pro\/#\/schema\/logo\/image\/\"}}]}<\/script>\n<!-- \/ Yoast SEO plugin. -->","yoast_head_json":{"title":"Blog - trilinguatime","robots":{"index":"noindex","follow":"follow","max-snippet":"max-snippet:-1","max-image-preview":"max-image-preview:large","max-video-preview":"max-video-preview:-1"},"og_locale":"en_US","og_type":"article","og_title":"Blog - trilinguatime","og_description":"Retrouvez tous vos articles de blog ici !","og_url":"https:\/\/trilinguatime.vaniseo.pro\/index.php\/blog\/","og_site_name":"trilinguatime","article_modified_time":"2024-06-05T13:40:23+00:00","twitter_card":"summary_large_image","schema":{"@context":"https:\/\/schema.org","@graph":[{"@type":"WebPage","@id":"https:\/\/trilinguatime.vaniseo.pro\/index.php\/blog\/","url":"https:\/\/trilinguatime.vaniseo.pro\/index.php\/blog\/","name":"Blog - trilinguatime","isPartOf":{"@id":"https:\/\/trilinguatime.vaniseo.pro\/#website"},"datePublished":"2024-05-10T07:44:20+00:00","dateModified":"2024-06-05T13:40:23+00:00","breadcrumb":{"@id":"https:\/\/trilinguatime.vaniseo.pro\/index.php\/blog\/#breadcrumb"},"inLanguage":"en-US","potentialAction":[{"@type":"ReadAction","target":["https:\/\/trilinguatime.vaniseo.pro\/index.php\/blog\/"]}]},{"@type":"BreadcrumbList","@id":"https:\/\/trilinguatime.vaniseo.pro\/index.php\/blog\/#breadcrumb","itemListElement":[{"@type":"ListItem","position":1,"name":"Accueil","item":"https:\/\/trilinguatime.vaniseo.pro\/"},{"@type":"ListItem","position":2,"name":"Blog"}]},{"@type":"WebSite","@id":"https:\/\/trilinguatime.vaniseo.pro\/#website","url":"https:\/\/trilinguatime.vaniseo.pro\/","name":"trilinguatime","description":"","publisher":{"@id":"https:\/\/trilinguatime.vaniseo.pro\/#organization"},"potentialAction":[{"@type":"SearchAction","target":{"@type":"EntryPoint","urlTemplate":"https:\/\/trilinguatime.vaniseo.pro\/?s={search_term_string}"},"query-input":{"@type":"PropertyValueSpecification","valueRequired":true,"valueName":"search_term_string"}}],"inLanguage":"en-US"},{"@type":"Organization","@id":"https:\/\/trilinguatime.vaniseo.pro\/#organization","name":"trilinguatime","url":"https:\/\/trilinguatime.vaniseo.pro\/","logo":{"@type":"ImageObject","inLanguage":"en-US","@id":"https:\/\/trilinguatime.vaniseo.pro\/#\/schema\/logo\/image\/","url":"https:\/\/trilinguatime.vaniseo.pro\/wp-content\/uploads\/2024\/03\/Capture-decran-2024-03-07-a-15.18.03.png","contentUrl":"https:\/\/trilinguatime.vaniseo.pro\/wp-content\/uploads\/2024\/03\/Capture-decran-2024-03-07-a-15.18.03.png","width":732,"height":248,"caption":"trilinguatime"},"image":{"@id":"https:\/\/trilinguatime.vaniseo.pro\/#\/schema\/logo\/image\/"}}]}},"_links":{"self":[{"href":"https:\/\/trilinguatime.vaniseo.pro\/index.php\/wp-json\/wp\/v2\/pages\/3636","targetHints":{"allow":["GET"]}}],"collection":[{"href":"https:\/\/trilinguatime.vaniseo.pro\/index.php\/wp-json\/wp\/v2\/pages"}],"about":[{"href":"https:\/\/trilinguatime.vaniseo.pro\/index.php\/wp-json\/wp\/v2\/types\/page"}],"author":[{"embeddable":true,"href":"https:\/\/trilinguatime.vaniseo.pro\/index.php\/wp-json\/wp\/v2\/users\/2"}],"replies":[{"embeddable":true,"href":"https:\/\/trilinguatime.vaniseo.pro\/index.php\/wp-json\/wp\/v2\/comments?post=3636"}],"version-history":[{"count":7,"href":"https:\/\/trilinguatime.vaniseo.pro\/index.php\/wp-json\/wp\/v2\/pages\/3636\/revisions"}],"predecessor-version":[{"id":3677,"href":"https:\/\/trilinguatime.vaniseo.pro\/index.php\/wp-json\/wp\/v2\/pages\/3636\/revisions\/3677"}],"wp:attachment":[{"href":"https:\/\/trilinguatime.vaniseo.pro\/index.php\/wp-json\/wp\/v2\/media?parent=3636"}],"curies":[{"name":"wp","href":"https:\/\/api.w.org\/{rel}","templated":true}]}}